{"id":19,"date":"2012-04-22T19:14:18","date_gmt":"2012-04-22T17:14:18","guid":{"rendered":"http:\/\/jazz.baczynski.pl\/?page_id=19"},"modified":"2012-04-22T19:16:46","modified_gmt":"2012-04-22T17:16:46","slug":"jazzarium-cafe","status":"publish","type":"page","link":"https:\/\/jazz.baczynski.pl\/?page_id=19","title":{"rendered":"Jazzarium Cafe"},"content":{"rendered":"<p style=\"text-align: center; \"><strong style=\"background-color: initial; font-family: arial, helvetica, sans-serif; color: rgb(51, 51, 51); font-size: 12px; outline-width: 0px; outline-style: initial; outline-color: initial; background-image: none; background-attachment: initial; background-origin: initial; background-clip: initial; \"><span id=\"internal-source-marker_0.9203791373874992\" style=\"outline-width: 0px; outline-style: initial; outline-color: initial; background-image: none; background-attachment: initial; background-origin: initial; background-clip: initial; background-color: transparent; color: rgb(0, 0, 0); white-space: pre-wrap; \">Uda\u0142o si\u0119! Po czterech miesi\u0105cach i jednym tygodniu od uruchomienia naszego portalu, mamy przyjemno\u015b\u0107 zaprosi\u0107 wszystkich do Jazzarium Cafe!!!<\/span><\/strong><\/p>\n<div style=\"outline-width: 0px; outline-style: initial; outline-color: initial; font-size: 12px; background-image: none; background-attachment: initial; background-origin: initial; background-clip: initial; background-color: transparent; color: rgb(51, 51, 51); font-family: Arial, Helvetica, Verdana, sans-serif; text-align: center; \">Dla cz\u0119\u015bci z naszych czytelnik\u00f3w miejsce to znane jest Corner Cafe, przy ulicy Wilczej 50\/52 (na rogu z ulic\u0105 Pozna\u0144sk\u0105). Tam rozdajemy nagrody w naszych konkursach. Teraz naszej pozainternetowej dzia\u0142alno\u015bci w Jazzarium Cafeb\u0119dzie jeszcze wi\u0119cej!!&nbsp;<\/div>\n<div style=\"outline-width: 0px; outline-style: initial; outline-color: initial; font-size: 12px; background-image: none; background-attachment: initial; background-origin: initial; background-clip: initial; background-color: transparent; color: rgb(51, 51, 51); font-family: Arial, Helvetica, Verdana, sans-serif; text-align: center; \">&nbsp;<\/div>\n<div style=\"outline-width: 0px; outline-style: initial; outline-color: initial; font-size: 12px; background-image: none; background-attachment: initial; background-origin: initial; background-clip: initial; background-color: transparent; color: rgb(51, 51, 51); font-family: Arial, Helvetica, Verdana, sans-serif; text-align: center; \">Co soboty odbywaj\u0105 si\u0119 u nas koncerty muzyki improwizowanej. Pi\u0105tki nale\u017c\u0105 do Marcina Olaka, kt\u00f3ry organizuje tu wieczory gitarowe. Ruszamy z cyklem muzyki dawnej&#8230; Wszelkie szczeg\u00f3\u0142y znajdziecie poni\u017cej w programie.&nbsp;<\/div>\n<div style=\"outline-width: 0px; outline-style: initial; outline-color: initial; font-size: 12px; background-image: none; background-attachment: initial; background-origin: initial; background-clip: initial; background-color: transparent; text-align: center; \">&nbsp;<\/div>\n<div style=\"outline-width: 0px; outline-style: initial; outline-color: initial; font-size: 12px; background-image: none; background-attachment: initial; background-origin: initial; background-clip: initial; background-color: transparent; text-align: center; \"><span style=\"background-color: transparent; font-family: arial, helvetica, sans-serif; outline-width: 0px; outline-style: initial; outline-color: initial; background-image: none; background-attachment: initial; background-origin: initial; background-clip: initial; white-space: pre-wrap; \">Przede wszystkim jednak chcemy, by Jazzarium Cafe, mimo kawiarnianej bardziej ni\u017c klubowej, przestrzeni, sta\u0142o si\u0119 wa\u017cnym miejscem na jazzowej mapie Polski. <\/span><span style=\"background-color: transparent; font-family: arial, helvetica, sans-serif; outline-width: 0px; outline-style: initial; outline-color: initial; background-image: none; background-attachment: initial; background-origin: initial; background-clip: initial; white-space: pre-wrap; \">W tej niewielkim miejscu uda\u0142o si\u0119 nam zmie\u015bci\u0107 male\u0144k\u0105 scenk\u0119 &#8211; idealn\u0105 na bardzo kameralne, acz intensywne koncerty. <\/span><\/div>\n<p style=\"text-align: center; \">Wszelkie sprawy dotycz\u0105ce kawiarni prosimy kierowa\u0107 na adres<\/p>\n<p style=\"text-align: center; \"><a href=\"mailto:cafe@jazzarium.pl\">cafe@jazzarium.pl<\/a><\/p>\n<p style=\"text-align: center; \">lub telefonicznie<\/p>\n<p style=\"text-align: center; \">601 327 634 lub 603 580 869<\/p>\n<p style=\"text-align: center; \">Godiny otwarcia:<\/p>\n<p style=\"text-align: center; \">poniedzia\u0142ek &#8211; pi\u0105tek&nbsp; 8:30 &#8211; do ostatniego go\u015bcia<\/p>\n<p style=\"text-align: center; \">sobota 11:00 &#8211; do ostatniego go\u015bcia<\/p>\n<p><img decoding=\"async\" alt=\"\" src=\"http:\/\/jazzarium.pl\/sites\/default\/files\/styles\/maxi_image_article\/public\/cafeJAZZ3620.jpg\" style=\"width: 620px; height: 300px; \"><\/p>\n<p style=\"text-align: center; \"><strong>PROGRAM<\/strong><\/p>\n<p style=\"text-align: center; \"><u>KWIECIE\u0143<\/u><\/p>\n<p style=\"text-align: center; \">&nbsp;<\/p>\n<p style=\"text-align: center; \"><strong>11 kwiecie\u0144 @ 20:00, bilety: 5 z\u0142.<\/strong><\/p>\n<p style=\"text-align: center; \">Duety wokalne : Patrycja Ciska, Aleksandra B\u0142achno, akompaniament Grzegorz Tarwid<\/p>\n<p style=\"text-align: center; \"><strong>13 kwiecie\u0144 @ 21:00, bilety: 15 z\u0142.<\/strong><\/p>\n<p style=\"text-align: center; \">Guitar Open: Leszek Potasi\u0144ski &amp; Marcin Olak &#8211; gitary<\/p>\n<p style=\"text-align: center; \"><strong>14 kwiecie\u0144 @ 21:00, bilety: 15 z\u0142.<\/strong><\/p>\n<p style=\"text-align: center; \">Doministry SOLO<\/p>\n<p style=\"text-align: center; \"><strong>17 kwiecie\u0144 @ 20:00, bilety : 15 z\u0142.<\/strong><\/p>\n<p style=\"text-align: center; \">Duet Ksawerego W\u00f3jci\u0144skiego<\/p>\n<p style=\"text-align: center; \"><strong>18 kwiecie\u0144 @ 20:00, bilety: 5 z\u0142.<\/strong><\/p>\n<p style=\"text-align: center; \">Duety wokalne : Sabina Myrczek, Gabriela Sta\u0144do, akom. Pawe\u0142 Kuku\u0142a<\/p>\n<p style=\"text-align: center; \"><strong>20 kwiecie\u0144 @ 21:00, bilety: 15 z\u0142.<\/strong><\/p>\n<p style=\"text-align: center; \">Fiesta de Abril &#8211; fiesta flamenco<\/p>\n<p style=\"text-align: center; \"><strong>21 kwiecie\u0144 @ 21:00, bilety: 30 z\u0142.<\/strong><\/p>\n<p style=\"text-align: center; \">Pugachev Bolovinis Makowski Jazz Trio<\/p>\n<p style=\"text-align: center; \"><strong>25 kwiecie\u0144 @ 20:00, bilety: 5 z\u0142.<\/strong><\/p>\n<p style=\"text-align: center; \">Duety wokalne : Anna Fr\u0105czek, Jadwiga K\u0142apa (r\u00f3wnie\u017c akomp.)<\/p>\n<p style=\"text-align: center; \"><strong>26 kwiecie\u0144 @ 20:00, bilety:<\/strong><\/p>\n<p style=\"text-align: center; \">Muzyka dawna:&nbsp;INAUGURACJA CYKLU KONCERTOWEGO<\/p>\n<p style=\"text-align: center; \">MARK CAUDLE &#8211; THE NOBLE VIOL (viola da gamba)<\/p>\n<p style=\"text-align: center; \"><strong>27 kwiecie\u0144 @ 21:00, wst\u0119p wolny<\/strong><\/p>\n<p style=\"text-align: center; \">Gitarowe jam session<\/p>\n<p style=\"text-align: center; \"><strong>28 kwiecie\u0144 @ 21:00, bilety: 15 z\u0142.<\/strong><\/p>\n<p style=\"text-align: center; \">Kadziela Trela 2Contemprary<\/p>\n<p>&nbsp;<\/p>\n<p>&nbsp;<\/p>\n<p style=\"text-align: center; \"><u>M A J<\/u><\/p>\n<p style=\"text-align: center; \"><strong>10 maj @ 20:00, bilety:<\/strong><\/p>\n<p style=\"text-align: center; \">Muzyka dawna:&nbsp;DUETY<\/p>\n<p style=\"text-align: center; \">GRZEGORZ LALEK \u2013 skrzypce<\/p>\n<p>&nbsp;<\/p>\n<p style=\"text-align: center; \">MARCIN STEFANIUK \u2013 alt\u00f3wka<\/p>\n<p style=\"text-align: center; \"><strong>17 maj @ 20:00, bilety:<\/strong><\/p>\n<p style=\"text-align: center; \">Muzyka dawna:&nbsp;JUDYTA TUPCZY\u0143SKA \u2013 SKRZYPCE<\/p>\n<p style=\"text-align: center; \">prowadzenie koncertu i towarzyszenie na klawesynie \u2013 Marek Toporowski<\/p>\n<p style=\"text-align: center; \"><strong>24 maj @ 20:00, bilety:<\/strong><\/p>\n<p style=\"text-align: center; \">Muzyka dawna:&nbsp;SPOTKANIE Z UKRAI\u0143SK\u0104 SOPI\u0141K\u0104&nbsp;ANASTASIJA ARBUZOVA<\/p>\n<p style=\"text-align: center; \">prowadzenie koncertu i towarzyszenie na szpinecie i keyboardzie \u2013 Marek Toproowski<\/p>\n<p style=\"text-align: center; \"><strong>31 maj @ 20:00, bilety:<\/strong><\/p>\n<p style=\"text-align: center; \">Muzyka dawna:&nbsp;LABORATOIRE DE MUSIQUE (Bydgoszcz) \u2013 Laureat zesz\u0142orocznego konkursu dla zespo\u0142\u00f3w muz. dawnej w \u015awidnicy<\/p>\n<p style=\"text-align: center; \">Karolina Jesionek &#8211; flet traverso, Ewa Witczak &#8211; wiolonczela barokowa, Dorota Zimna \u2013 klawesyn<\/p>\n","protected":false},"excerpt":{"rendered":"<p>Uda\u0142o si\u0119! Po czterech miesi\u0105cach i jednym tygodniu od uruchomienia naszego portalu, mamy przyjemno\u015b\u0107 zaprosi\u0107 wszystkich do Jazzarium Cafe!!! Dla cz\u0119\u015bci z naszych czytelnik\u00f3w miejsce to znane jest Corner Cafe, przy ulicy Wilczej 50\/52 (na rogu z ulic\u0105 Pozna\u0144sk\u0105). Tam rozdajemy nagrody w naszych konkursach. Teraz naszej pozainternetowej dzia\u0142alno\u015bci w Jazzarium Cafeb\u0119dzie jeszcze wi\u0119cej!!&nbsp; &nbsp; [&hellip;]<\/p>\n","protected":false},"author":1,"featured_media":0,"parent":0,"menu_order":0,"comment_status":"closed","ping_status":"closed","template":"","meta":{"_acf_changed":false,"footnotes":""},"class_list":["post-19","page","type-page","status-publish","hentry"],"acf":[],"_links":{"self":[{"href":"https:\/\/jazz.baczynski.pl\/index.php?rest_route=\/wp\/v2\/pages\/19","targetHints":{"allow":["GET"]}}],"collection":[{"href":"https:\/\/jazz.baczynski.pl\/index.php?rest_route=\/wp\/v2\/pages"}],"about":[{"href":"https:\/\/jazz.baczynski.pl\/index.php?rest_route=\/wp\/v2\/types\/page"}],"author":[{"embeddable":true,"href":"https:\/\/jazz.baczynski.pl\/index.php?rest_route=\/wp\/v2\/users\/1"}],"replies":[{"embeddable":true,"href":"https:\/\/jazz.baczynski.pl\/index.php?rest_route=%2Fwp%2Fv2%2Fcomments&post=19"}],"version-history":[{"count":0,"href":"https:\/\/jazz.baczynski.pl\/index.php?rest_route=\/wp\/v2\/pages\/19\/revisions"}],"wp:attachment":[{"href":"https:\/\/jazz.baczynski.pl\/index.php?rest_route=%2Fwp%2Fv2%2Fmedia&parent=19"}],"curies":[{"name":"wp","href":"https:\/\/api.w.org\/{rel}","templated":true}]}}