{"id":18,"date":"2011-07-22T10:24:55","date_gmt":"2011-07-22T08:24:55","guid":{"rendered":"http:\/\/jazz.baczynski.pl\/?page_id=18"},"modified":"2011-10-06T10:24:02","modified_gmt":"2011-10-06T08:24:02","slug":"przyjaciele","status":"publish","type":"page","link":"https:\/\/jazz.baczynski.pl\/?page_id=18","title":{"rendered":"Przyjaciele"},"content":{"rendered":"<p style=\"text-align: left; \">Najlepsze, najbardziej jazzowe \u017ar\u00f3d\u0142o bilet\u00f3w w sieci!<\/p>\n<p style=\"text-align: left; \">To dzi\u0119ki TicketPro mo\u017cemy mie\u0107 na Jazzarium.pl bileteri\u0119!<\/p>\n<p style=\"text-align: left; \"><a href=\"http:\/\/www.ticketpro.pl\/jnp\/home\/index.html\"><img decoding=\"async\" alt=\"\" src=\"http:\/\/www.poloniabytom.com.pl\/photo\/Image\/news\/news-ticketpro.jpg\" style=\"width: 381px; height: 203px; \"><\/a><\/p>\n<p style=\"text-align: left; \">&nbsp;<\/p>\n<p style=\"text-align: left; \">Jedno z najlbardziej otwartych w Polsce miejsc na muzyk\u0119!<\/p>\n<p style=\"text-align: left; \"><a href=\"http:\/\/www.jazzclub.pl\/\"><img decoding=\"async\" alt=\"Hipnoza\" src=\"https:\/\/lh5.googleusercontent.com\/-c6P9Jp3pF-Q\/To1kPt6F-6I\/AAAAAAAAAFM\/kVuyHC6gO7E\/s381\/10latHpnozy_logo.jpg\" style=\"width: 381px; height: 365px; \"><\/a><\/p>\n<p style=\"text-align: left; \">&nbsp;<\/p>\n<p style=\"text-align: left; \">&nbsp;<\/p>\n<p style=\"text-align: left; \">&nbsp;<\/p>\n<p style=\"text-align: left; \"><a href=\"http:\/\/www.bilety.pl\/\"><img decoding=\"async\" alt=\"Aura\" src=\"https:\/\/lh3.googleusercontent.com\/kcVghAfUX5CKQMek1IWDjGQckJoAoSZH8kWW_-gvQwa3xPgL6-LNbIxcZutzYOGoXinBIGL_nvCBGewAfoaeuIZCPQ=s512\" style=\"width: 381px; height: 143px; \"><\/a><\/p>\n","protected":false},"excerpt":{"rendered":"<p>Najlepsze, najbardziej jazzowe \u017ar\u00f3d\u0142o bilet\u00f3w w sieci! To dzi\u0119ki TicketPro mo\u017cemy mie\u0107 na Jazzarium.pl bileteri\u0119! &nbsp; Jedno z najlbardziej otwartych w Polsce miejsc na muzyk\u0119! &nbsp; &nbsp; &nbsp;<\/p>\n","protected":false},"author":1,"featured_media":0,"parent":0,"menu_order":0,"comment_status":"closed","ping_status":"closed","template":"","meta":{"_acf_changed":false,"footnotes":""},"class_list":["post-18","page","type-page","status-publish","hentry"],"acf":[],"_links":{"self":[{"href":"https:\/\/jazz.baczynski.pl\/index.php?rest_route=\/wp\/v2\/pages\/18","targetHints":{"allow":["GET"]}}],"collection":[{"href":"https:\/\/jazz.baczynski.pl\/index.php?rest_route=\/wp\/v2\/pages"}],"about":[{"href":"https:\/\/jazz.baczynski.pl\/index.php?rest_route=\/wp\/v2\/types\/page"}],"author":[{"embeddable":true,"href":"https:\/\/jazz.baczynski.pl\/index.php?rest_route=\/wp\/v2\/users\/1"}],"replies":[{"embeddable":true,"href":"https:\/\/jazz.baczynski.pl\/index.php?rest_route=%2Fwp%2Fv2%2Fcomments&post=18"}],"version-history":[{"count":0,"href":"https:\/\/jazz.baczynski.pl\/index.php?rest_route=\/wp\/v2\/pages\/18\/revisions"}],"wp:attachment":[{"href":"https:\/\/jazz.baczynski.pl\/index.php?rest_route=%2Fwp%2Fv2%2Fmedia&parent=18"}],"curies":[{"name":"wp","href":"https:\/\/api.w.org\/{rel}","templated":true}]}}