{"id":16,"date":"2011-06-08T23:30:50","date_gmt":"2011-06-08T21:30:50","guid":{"rendered":"http:\/\/jazz.baczynski.pl\/?page_id=16"},"modified":"2013-07-14T15:09:13","modified_gmt":"2013-07-14T13:09:13","slug":"regulamin-serwisu","status":"publish","type":"page","link":"https:\/\/jazz.baczynski.pl\/?page_id=16","title":{"rendered":"Regulamin serwisu"},"content":{"rendered":"<p class=\"p1\"><span style=\"line-height: 1.538em;\">1. Informacje og\u00f3lne.<\/span><\/p>\n<ol class=\"ol1\">\n<li class=\"li5\">1.<span class=\"Apple-tab-span\"> <\/span><span class=\"s1\">Operatorem Serwisu wwwi.jazzarium.pl jest Fundacja S\u0142uchaj<\/span><\/li>\n<li class=\"li5\">2.<span class=\"Apple-tab-span\"> <\/span><span class=\"s1\">Serwis realizuje funkcje pozyskiwania informacji o u\u017cytkownikach i ich zachowaniu w nast\u0119puj\u0105cy spos\u00f3b:<\/span>\n<ol class=\"ol2\">\n<li class=\"li5\">a.<span class=\"Apple-tab-span\"> <\/span><span class=\"s1\">Poprzez dobrowolnie wprowadzone w formularzach informacje.<\/span><\/li>\n<li class=\"li5\">b.<span class=\"Apple-tab-span\"> <\/span><span class=\"s1\">Poprzez zapisywanie w urz\u0105dzeniach ko\u0144cowych pliki cookie (tzw. &#8220;ciasteczka&#8221;).<\/span><\/li>\n<li class=\"li5\">c.<span class=\"Apple-tab-span\"> <\/span><span class=\"s1\">Poprzez gromadzenie log\u00f3w serwera www przez operatora hostingowego Megiteam, funkcjonuj\u0105cego pod adresem www.megiteam.pl<\/span><\/li>\n<\/ol>\n<\/li>\n<\/ol>\n<p class=\"p4\"><span class=\"s1\">2. Informacje w formularzach.<\/span><\/p>\n<ol class=\"ol1\">\n<li>\n<ol class=\"ol2\">\n<li class=\"li5\">1.<span class=\"Apple-tab-span\"> <\/span><span class=\"s1\">Serwis zbiera informacje podane dobrowolnie przez u\u017cytkownika.<\/span><\/li>\n<li class=\"li5\">2.<span class=\"Apple-tab-span\"> <\/span><span class=\"s1\">Serwis mo\u017ce zapisa\u0107 ponadto informacje o parametrach po\u0142\u0105czenia (oznaczenie czasu, adres IP)<\/span><\/li>\n<li class=\"li5\">3.<span class=\"Apple-tab-span\"> <\/span><span class=\"s1\">Dane w formularzu nie s\u0105 udost\u0119pniane podmiotom trzecim inaczej, ni\u017c za zgod\u0105 u\u017cytkownika.<\/span><\/li>\n<li class=\"li5\">4.<span class=\"Apple-tab-span\"> <\/span><span class=\"s1\">Dane podane w formularzu mog\u0105 stanowi\u0107 zbi\u00f3r potencjalnych klient\u00f3w, zarejestrowany przez Operatora Serwisu w rejestrze prowadzonym przez Generalnego Inspektora Ochrony Danych Osobowych.<\/span><\/li>\n<li class=\"li5\">5.<span class=\"Apple-tab-span\"> <\/span><span class=\"s1\">Dane podane w formularzu s\u0105 przetwarzane w celu wynikaj\u0105cym z funkcji konkretnego formularza, np w celu dokonania procesu obs\u0142ugi zg\u0142oszenia serwisowego lub kontaktu handlowego.<\/span><\/li>\n<li class=\"li5\">6.<span class=\"Apple-tab-span\"> <\/span><span class=\"s1\">Dane podane w formularzach mog\u0105 by\u0107 przekazane podmiotom technicznie realizuj\u0105cym niekt\u00f3re us\u0142ugi \u2013 w szczeg\u00f3lno\u015bci dotyczy to przekazywania informacji o posiadaczu rejestrowanej domeny do podmiot\u00f3w b\u0119d\u0105cych operatorami domen internetowych (przede wszystkim Naukowa i Akademicka Sie\u0107 Komputerowa j.b.r \u2013 NASK), serwis\u00f3w obs\u0142uguj\u0105cych p\u0142atno\u015bci lub te\u017c innych podmiot\u00f3w, z kt\u00f3rymi Operator Serwisu w tym zakresie wsp\u00f3\u0142pracuje.<\/span><\/li>\n<\/ol>\n<\/li>\n<\/ol>\n<p class=\"p4\"><span class=\"s1\">3. Informacja o plikach cookies.<\/span><\/p>\n<ol class=\"ol1\">\n<li>\n<ol class=\"ol2\">\n<li class=\"li5\">1.<span class=\"Apple-tab-span\"> <\/span><span class=\"s1\">Serwis korzysta z plik\u00f3w cookies.<\/span><\/li>\n<li class=\"li5\">2.<span class=\"Apple-tab-span\"> <\/span><span class=\"s1\">Pliki cookies (tzw. \u201eciasteczka\u201d) stanowi\u0105 dane informatyczne, w szczeg\u00f3lno\u015bci pliki tekstowe, kt\u00f3re przechowywane s\u0105 w urz\u0105dzeniu ko\u0144cowym U\u017cytkownika Serwisu i przeznaczone s\u0105 do korzystania ze stron internetowych Serwisu. Cookies zazwyczaj zawieraj\u0105 nazw\u0119 strony internetowej, z kt\u00f3rej pochodz\u0105, czas przechowywania ich na urz\u0105dzeniu ko\u0144cowym oraz unikalny numer.<\/span><\/li>\n<li class=\"li5\">3.<span class=\"Apple-tab-span\"> <\/span><span class=\"s1\">Podmiotem zamieszczaj\u0105cym na urz\u0105dzeniu ko\u0144cowym U\u017cytkownika Serwisu pliki cookies oraz uzyskuj\u0105cym do nich dost\u0119p jest operator Serwisu.<\/span><\/li>\n<li class=\"li5\">4.<span class=\"Apple-tab-span\"> <\/span><span class=\"s1\">Pliki cookies wykorzystywane s\u0105 w nast\u0119puj\u0105cych celach:<\/span><\/li>\n<li class=\"li5\">a.<span class=\"Apple-tab-span\"> <\/span><span class=\"s1\">tworzenia statystyk, kt\u00f3re pomagaj\u0105 zrozumie\u0107, w jaki spos\u00f3b U\u017cytkownicy Serwisu korzystaj\u0105 ze stron internetowych, co umo\u017cliwia ulepszanie ich struktury i zawarto\u015bci;<\/span><\/li>\n<li class=\"li5\">b.<span class=\"Apple-tab-span\"> <\/span><span class=\"s1\">utrzymanie sesji U\u017cytkownika Serwisu (po zalogowaniu), dzi\u0119ki kt\u00f3rej U\u017cytkownik nie musi na ka\u017cdej podstronie Serwisu ponownie wpisywa\u0107 loginu i has\u0142a;<\/span><\/li>\n<li class=\"li5\">c.<span class=\"Apple-tab-span\"> <\/span><span class=\"s1\">okre\u015blania profilu u\u017cytkownika w celu wy\u015bwietlania mu dopasowanych materia\u0142\u00f3w w sieciach reklamowych, w szczeg\u00f3lno\u015bci sieci Google.<\/span><\/li>\n<li class=\"li5\">5.<span class=\"Apple-tab-span\"> <\/span><span class=\"s1\">W ramach Serwisu stosowane s\u0105 dwa zasadnicze rodzaje plik\u00f3w cookies: \u201esesyjne\u201d (session cookies) oraz \u201esta\u0142e\u201d (persistent cookies). Cookies \u201esesyjne\u201d s\u0105 plikami tymczasowymi, kt\u00f3re przechowywane s\u0105 w urz\u0105dzeniu ko\u0144cowym U\u017cytkownika do czasu wylogowania, opuszczenia strony internetowej lub wy\u0142\u0105czenia oprogramowania (przegl\u0105darki internetowej). \u201eSta\u0142e\u201d pliki cookies przechowywane s\u0105 w urz\u0105dzeniu ko\u0144cowym U\u017cytkownika przez czas okre\u015blony w parametrach plik\u00f3w cookies lub do czasu ich usuni\u0119cia przez U\u017cytkownika.<\/span><\/li>\n<li class=\"li5\">6.<span class=\"Apple-tab-span\"> <\/span><span class=\"s1\">Oprogramowanie do przegl\u0105dania stron internetowych (przegl\u0105darka internetowa) zazwyczaj domy\u015blnie dopuszcza przechowywanie plik\u00f3w cookies w urz\u0105dzeniu ko\u0144cowym U\u017cytkownika. U\u017cytkownicy Serwisu mog\u0105 dokona\u0107 zmiany ustawie\u0144 w tym zakresie. Przegl\u0105darka internetowa umo\u017cliwia usuni\u0119cie plik\u00f3w cookies. Mo\u017cliwe jest tak\u017ce automatyczne blokowanie plik\u00f3w cookies Szczeg\u00f3\u0142owe informacje na ten temat zawiera pomoc lub dokumentacja przegl\u0105darki internetowej.<\/span><\/li>\n<li class=\"li5\">7.<span class=\"Apple-tab-span\"> <\/span><span class=\"s1\">Ograniczenia stosowania plik\u00f3w cookies mog\u0105 wp\u0142yn\u0105\u0107 na niekt\u00f3re funkcjonalno\u015bci dost\u0119pne na stronach internetowych Serwisu.<\/span><\/li>\n<li class=\"li5\">8.<span class=\"Apple-tab-span\"> <\/span><span class=\"s1\">Pliki cookies zamieszczane w urz\u0105dzeniu ko\u0144cowym U\u017cytkownika Serwisu i wykorzystywane mog\u0105 by\u0107 r\u00f3wnie\u017c przez wsp\u00f3\u0142pracuj\u0105cych z operatorem Serwisu reklamodawc\u00f3w oraz partner\u00f3w.<\/span><\/li>\n<li class=\"li5\">9.<span class=\"Apple-tab-span\"> <\/span><span class=\"s1\">Zalecamy przeczytanie polityki ochrony prywatno\u015bci tych firm, aby pozna\u0107 zasady korzystania z plik\u00f3w cookie wykorzystywane w statystykach: <a href=\"http:\/\/www.google.pl\/intl\/pl\/analytics\/privacyoverview.html\"><span class=\"s3\">Polityka ochrony prywatno\u015bci Google Analytics<\/span><\/a><\/span><\/li>\n<li class=\"li5\">10.<span class=\"Apple-tab-span\"> <\/span><span class=\"s1\">Pliki cookie mog\u0105 by\u0107 wykorzystane przez sieci reklamowe, w szczeg\u00f3lno\u015bci sie\u0107 Google, do wy\u015bwietlenia reklam dopasowanych do sposobu, w jaki u\u017cytkownik korzysta z Serwisu. W tym celu mog\u0105 zachowa\u0107 informacj\u0119 o \u015bcie\u017cce nawigacji u\u017cytkownika lub czasie pozostawania na danej stronie.<\/span><\/li>\n<li class=\"li5\">11.<span class=\"Apple-tab-span\"> <\/span><span class=\"s1\">W zakresie informacji o preferencjach u\u017cytkownika gromadzonych przez sie\u0107 reklamow\u0105 Google u\u017cytkownik mo\u017ce przegl\u0105da\u0107 i edytowa\u0107 informacje wynikaj\u0105ce z plik\u00f3w cookies przy pomocy narz\u0119dzia: <a href=\"https:\/\/www.google.com\/ads\/preferences\/\"><span class=\"s3\">https:\/\/www.google.com\/ads\/preferences\/<\/span><\/a><\/span><\/li>\n<\/ol>\n<\/li>\n<\/ol>\n<p class=\"p4\"><span class=\"s1\">4. Logi serwera.<\/span><\/p>\n<ol class=\"ol1\">\n<li>\n<ol class=\"ol2\">\n<li class=\"li5\">1.<span class=\"Apple-tab-span\"> <\/span><span class=\"s1\">Informacje o niekt\u00f3rych zachowaniach u\u017cytkownik\u00f3w podlegaj\u0105 logowaniu w warstwie serwerowej. Dane te s\u0105 wykorzystywane wy\u0142\u0105cznie w celu administrowania serwisem oraz w celu zapewnienia jak najbardziej sprawnej obs\u0142ugi \u015bwiadczonych us\u0142ug hostingowych.<\/span><\/li>\n<li class=\"li5\">2.<span class=\"Apple-tab-span\"> <\/span><span class=\"s1\">Przegl\u0105dane zasoby identyfikowane s\u0105 poprzez adresy URL. Ponadto zapisowi mog\u0105 podlega\u0107:<\/span><\/li>\n<li class=\"li5\">a.<span class=\"Apple-tab-span\"> <\/span><span class=\"s1\">czas nadej\u015bcia zapytania,<\/span><\/li>\n<li class=\"li5\">b.<span class=\"Apple-tab-span\"> <\/span><span class=\"s1\">czas wys\u0142ania odpowiedzi,<\/span><\/li>\n<li class=\"li5\">c.<span class=\"Apple-tab-span\"> <\/span><span class=\"s1\">nazw\u0119 stacji klienta \u2013 identyfikacja realizowana przez protok\u00f3\u0142 HTTP,<\/span><\/li>\n<li class=\"li5\">d.<span class=\"Apple-tab-span\"> <\/span><span class=\"s1\">informacje o b\u0142\u0119dach jakie nast\u0105pi\u0142y przy realizacji transakcji HTTP,<\/span><\/li>\n<li class=\"li5\">e.<span class=\"Apple-tab-span\"> <\/span><span class=\"s1\">adres URL strony poprzednio odwiedzanej przez u\u017cytkownika (referer link) \u2013 w przypadku gdy przej\u015bcie do Serwisu nast\u0105pi\u0142o przez odno\u015bnik,<\/span><\/li>\n<li class=\"li5\">f.<span class=\"Apple-tab-span\"> <\/span><span class=\"s1\">informacje o przegl\u0105darce u\u017cytkownika,<\/span><\/li>\n<li class=\"li5\">g.<span class=\"Apple-tab-span\"> <\/span><span class=\"s1\">Informacje o adresie IP.<\/span><\/li>\n<li class=\"li5\">3.<span class=\"Apple-tab-span\"> <\/span><span class=\"s1\">Dane powy\u017csze nie s\u0105 kojarzone z konkretnymi osobami przegl\u0105daj\u0105cymi strony.<\/span><\/li>\n<li class=\"li5\">4.<span class=\"Apple-tab-span\"> <\/span><span class=\"s1\">Dane powy\u017csze s\u0105 wykorzystywane jedynie dla cel\u00f3w administrowania serwerem.<\/span><\/li>\n<\/ol>\n<\/li>\n<\/ol>\n<p class=\"p4\"><span class=\"s1\">5. Udost\u0119pnienie danych.<\/span><\/p>\n<ol class=\"ol1\">\n<li>\n<ol class=\"ol2\">\n<li class=\"li5\">1.<span class=\"Apple-tab-span\"> <\/span><span class=\"s1\">Dane podlegaj\u0105 udost\u0119pnieniu podmiotom zewn\u0119trznym wy\u0142\u0105cznie w granicach prawnie dozwolonych.<\/span><\/li>\n<li class=\"li5\">2.<span class=\"Apple-tab-span\"> <\/span><span class=\"s1\">Dane umo\u017cliwiaj\u0105ce identyfikacj\u0119 osoby fizycznej s\u0105 udost\u0119pniane wy\u0142\u0105czenie za zgod\u0105 tej osoby.<\/span><\/li>\n<li class=\"li5\">3.<span class=\"Apple-tab-span\"> <\/span><span class=\"s1\">Operator mo\u017ce mie\u0107 obowi\u0105zek udzielania informacji zebranych przez Serwis upowa\u017cnionym organom na podstawie zgodnych z prawem \u017c\u0105da\u0144 w zakresie wynikaj\u0105cym z \u017c\u0105dania.<\/span><\/li>\n<\/ol>\n<\/li>\n<\/ol>\n<p class=\"p4\"><span class=\"s1\">6. Zarz\u0105dzanie plikami cookies \u2013 jak w praktyce wyra\u017ca\u0107 i cofa\u0107 zgod\u0119?<\/span><\/p>\n<ol class=\"ol1\">\n<li>\n<ol class=\"ol2\">\n<li class=\"li5\">1.<span class=\"Apple-tab-span\"> <\/span><span class=\"s1\">Je\u015bli u\u017cytkownik nie chce otrzymywa\u0107 plik\u00f3w cookies, mo\u017ce zmieni\u0107 ustawienia przegl\u0105darki. Zastrzegamy, \u017ce wy\u0142\u0105czenie obs\u0142ugi plik\u00f3w cookies niezb\u0119dnych dla proces\u00f3w uwierzytelniania, bezpiecze\u0144stwa, utrzymania preferencji u\u017cytkownika mo\u017ce utrudni\u0107, a w skrajnych przypadkach mo\u017ce uniemo\u017cliwi\u0107 korzystanie ze stron www<\/span><\/li>\n<li class=\"li5\">2.<span class=\"Apple-tab-span\"> <\/span><span class=\"s1\">W celu zarz\u0105dzania ustawieniami cookies wybierz z listy poni\u017cej przegl\u0105dark\u0119 internetow\u0105\/ system i post\u0119puj zgodnie z instrukcjami:<\/span><\/li>\n<li class=\"li6\"><span class=\"s4\">a.<span class=\"Apple-tab-span\"> <\/span><a href=\"http:\/\/support.microsoft.com\/kb\/196955\"><span class=\"s5\">Internet Explorer<\/span><\/a><\/span><\/li>\n<li class=\"li6\"><span class=\"s4\">b.<span class=\"Apple-tab-span\"> <\/span><a href=\"http:\/\/support.google.com\/chrome\/bin\/answer.py?hl=pl&amp;answer=95647\"><span class=\"s5\">Chrome<\/span><\/a><\/span><\/li>\n<li class=\"li6\"><span class=\"s4\">c.<span class=\"Apple-tab-span\"> <\/span><a href=\"http:\/\/support.apple.com\/kb\/PH5042\"><span class=\"s5\">Safari<\/span><\/a><\/span><\/li>\n<li class=\"li6\"><span class=\"s4\">d.<span class=\"Apple-tab-span\"> <\/span><a href=\"http:\/\/support.mozilla.org\/pl\/kb\/W%C5%82%C4%85czanie%20i%20wy%C5%82%C4%85czanie%20obs%C5%82ugi%20ciasteczek\"><span class=\"s5\">Firefox<\/span><\/a><\/span><\/li>\n<li class=\"li6\"><span class=\"s4\">e.<span class=\"Apple-tab-span\"> <\/span><a href=\"http:\/\/help.opera.com\/Windows\/12.10\/pl\/cookies.html\"><span class=\"s5\">Opera<\/span><\/a><\/span><\/li>\n<li class=\"li6\"><span class=\"s4\">f.<span class=\"Apple-tab-span\"> <\/span><a href=\"http:\/\/support.google.com\/chrome\/bin\/answer.py?hl=pl&amp;answer=95647\"><span class=\"s5\">Android<\/span><\/a><\/span><\/li>\n<li class=\"li6\"><span class=\"s4\">g.<span class=\"Apple-tab-span\"> <\/span><a href=\"http:\/\/support.apple.com\/kb\/HT1677?viewlocale=pl_PL\"><span class=\"s5\">Safari (iOS)<\/span><\/a><\/span><\/li>\n<li class=\"li6\"><span class=\"s4\">h.<span class=\"Apple-tab-span\"> <\/span><a href=\"http:\/\/www.windowsphone.com\/pl-pl\/how-to\/wp7\/web\/changing-privacy-and-other-browser-settings\"><span class=\"s5\">Windows Phone<\/span><\/a><\/span><\/li>\n<li class=\"li6\"><span class=\"s4\">i.<span class=\"Apple-tab-span\"> <\/span><a href=\"http:\/\/docs.blackberry.com\/en\/smartphone_users\/deliverables\/32004\/Turn_off_cookies_in_the_browser_60_1072866_11.jsp\"><span class=\"s5\">Blackberry<\/span><\/a><\/span><\/li>\n<\/ol>\n<\/li>\n<\/ol>\n<p class=\"p3\">&nbsp;<\/p>\n","protected":false},"excerpt":{"rendered":"<p>1. Informacje og\u00f3lne. 1. Operatorem Serwisu wwwi.jazzarium.pl jest Fundacja S\u0142uchaj 2. Serwis realizuje funkcje pozyskiwania informacji o u\u017cytkownikach i ich zachowaniu w nast\u0119puj\u0105cy spos\u00f3b: a. Poprzez dobrowolnie wprowadzone w formularzach informacje. b. Poprzez zapisywanie w urz\u0105dzeniach ko\u0144cowych pliki cookie (tzw. &#8220;ciasteczka&#8221;). c. Poprzez gromadzenie log\u00f3w serwera www przez operatora hostingowego Megiteam, funkcjonuj\u0105cego pod adresem www.megiteam.pl [&hellip;]<\/p>\n","protected":false},"author":1,"featured_media":0,"parent":0,"menu_order":0,"comment_status":"closed","ping_status":"closed","template":"","meta":{"_acf_changed":false,"footnotes":""},"class_list":["post-16","page","type-page","status-publish","hentry"],"acf":[],"_links":{"self":[{"href":"https:\/\/jazz.baczynski.pl\/index.php?rest_route=\/wp\/v2\/pages\/16","targetHints":{"allow":["GET"]}}],"collection":[{"href":"https:\/\/jazz.baczynski.pl\/index.php?rest_route=\/wp\/v2\/pages"}],"about":[{"href":"https:\/\/jazz.baczynski.pl\/index.php?rest_route=\/wp\/v2\/types\/page"}],"author":[{"embeddable":true,"href":"https:\/\/jazz.baczynski.pl\/index.php?rest_route=\/wp\/v2\/users\/1"}],"replies":[{"embeddable":true,"href":"https:\/\/jazz.baczynski.pl\/index.php?rest_route=%2Fwp%2Fv2%2Fcomments&post=16"}],"version-history":[{"count":0,"href":"https:\/\/jazz.baczynski.pl\/index.php?rest_route=\/wp\/v2\/pages\/16\/revisions"}],"wp:attachment":[{"href":"https:\/\/jazz.baczynski.pl\/index.php?rest_route=%2Fwp%2Fv2%2Fmedia&parent=16"}],"curies":[{"name":"wp","href":"https:\/\/api.w.org\/{rel}","templated":true}]}}