{"id":15,"date":"2011-06-08T22:51:56","date_gmt":"2011-06-08T20:51:56","guid":{"rendered":"http:\/\/jazz.baczynski.pl\/?page_id=15"},"modified":"2023-03-01T23:30:16","modified_gmt":"2023-03-01T22:30:16","slug":"o-nas","status":"publish","type":"page","link":"https:\/\/jazz.baczynski.pl\/?page_id=15","title":{"rendered":"O nas"},"content":{"rendered":"<p><strong>Witaj na stronie Jazzarium.pl &#8211; pierwszej stronie jazzu!<\/strong><\/p>\n<p>15 czerwca 2011 roku, w 15-t\u0105 rocznic\u0119 \u015bmierci Elli Fitzgerald i dzie\u0144 premiery p\u0142yty &#8220;Komeda&#8221; Leszka Mo\u017cd\u017cera, oficjalnie uruchamili\u015bmy nasz serwis.&nbsp;<\/p>\n<p><span style=\"font-size: 13.008px; line-height: 1.538em;\">Za\u0142o\u017cycielem i w\u0142a\u015bcicielem portalu Jazzarium.pl by\u0142 do grudnia 2014 roku&nbsp;<\/span><strong style=\"font-size: 13.008px; line-height: 1.538em;\">Mariusz Adamiak<\/strong><span style=\"font-size: 13.008px; line-height: 1.538em;\"> &#8211; tw\u00f3rca festiwalu Warsaw Summer Jazz Days, Jazz Radia, wieloletni szef s\u0142ynnego klubu Akwarium. Jeden z najwybitniejszych animator\u00f3w jazzu w Polsce. Laureat Paszportu Polityki.&nbsp;<\/span><span style=\"font-size: 13.008px; line-height: 20.0063px;\">Od 2014 roku w\u0142a\u015bcicielem portalu jest FUNDACJA S\u0141UCHAJ.<\/span><\/p>\n<p>&nbsp;<\/p>\n<p><strong>Redakcj\u0105 Jazzarium.pl kieruj\u0105:<\/strong><\/p>\n<p><strong><img decoding=\"async\" alt=\"\" src=\"http:\/\/jazz.baczynski.pl\/wp-content\/uploads\/2011\/06\/MaciejKarlowski.png\" style=\"float: left; width: 150px; height: 185px; \"><\/strong><\/p>\n<p>&nbsp;<\/p>\n<p><strong>Maciej Kar\u0142owski &#8211; redaktor naczelny<\/strong>; prezes Fundacji S\u0141UCHAJ, w przesz\u0142o\u015bci wydawca magazynu &#8220;Jazz&amp;Classics&#8221;, dyrektor programowy JazzRadia, publicysta (Dziennik, Przekr\u00f3j, Newsweek, Jazz Forum); dziennikarz radiowej Dw\u00f3jki.&nbsp;Wsp\u00f3\u0142autor I Raportu o stanie Muzyki Polskiej. Ekspert MKiDN ds. muzyki w 2012 r., cz\u0142onek kolegium elektorskiego nagrody Koryfeusz Muzyki Polskiej oraz PASZPORTY POLITYKI.<\/p>\n<p>maciej.karlowski@jazzarium.pl<\/p>\n<p><strong>Kajetan Prochyra &#8211;&nbsp;szef redakcji;&nbsp;<\/strong>dziennikarz, wsp\u00f3\u0142pracownik TVP, &#8220;Jazz Forum&#8221;, &#8220;Bluszcz&#8221; a tak\u017ce Polskiej Akcji Humanitarnej i Stowarzyszenia Przyjaci\u00f3\u0142 Integracji. Autor reporta\u017cy telewizyjnych i dokument\u00f3w. Absolwent Mistrzowskiej Szko\u0142y Re\u017cyserii Filmowej Andrzeja Wajdy. kajtek.prochyra@jazzarium.pl<\/p>\n<p><strong style=\"font-size: 13.008px;\">Micha\u0142 Pytel:&nbsp;<\/strong>michal.pytel@jazzarium.pl<\/p>\n<p><span style=\"font-size: 13.008px;\">Dziennikarze:&nbsp;<\/span><\/p>\n<p><strong>Marta Jundzi\u0142\u0142<\/strong><\/p>\n<p><strong style=\"font-size: 13.008px; line-height: 1.538em;\">Maciej Krawiec<\/strong><\/p>\n<p><strong>Piotr Wojdat<\/strong><\/p>\n<p><strong>Bartosz Adamczak<\/strong><\/p>\n<p><strong style=\"font-size: 13.008px; line-height: 1.538em;\">Urszula Nowak<\/strong><\/p>\n<p><strong style=\"font-size: 13.008px; line-height: 1.538em;\">Piotr Jagielski &#8211;&nbsp;<\/strong><span style=\"font-size: 13.008px; line-height: 1.538em;\">(ur. 1986) publikuje w &#8220;Newsweeku&#8221; i portalu &#8220;literatki.com&#8221;, absolwent wydzia\u0142u filozofii UW. Publikacje ksi\u0105\u017ckowe: &#8220;Bird \u017cyje&#8221; (Wyd. Nisza, 2010), laureat nagrody Warszawskiej Premiery Literackiej, kibic pi\u0142karski, mi\u0142o\u015bnik tw\u00f3rczo\u015bci Billa Evansa.&nbsp;<\/span><\/p>\n<p><strong>Krzysztof Machowina&nbsp;<\/strong>politolog z wykszta\u0142cenia, fotograf i dziennikarz z zami\u0142owania. W przesz\u0142o\u015bci redaktor prowadz\u0105cy &#8220;Jazz&amp;Classics&#8221;; wsp\u00f3lpracowa\u0142 tak\u017ce z JazzRadio, Hi-Fi i Muzyka, Jazz Forum. Audiofil na odwyku, w zast\u0119pstwie pasjonuje si\u0119 sprz\u0119t\u0119m fotograficznym. Nami\u0119tnie s\u0142ucha jazzu spod znaku AACM i jazzowej wiolinistyki od Stuffa Smitha po Billy Banga.&nbsp;<\/p>\n<div><strong><img decoding=\"async\" alt=\"\" src=\"http:\/\/jazz.baczynski.pl\/wp-content\/uploads\/2011\/06\/fota_ANka_bw.jpg\" style=\"margin-left: 3px; margin-right: 3px; margin-top: 3px; margin-bottom: 3px; float: left; width: 150px; height: 143px; \"><\/strong><\/div>\n<div>&nbsp;<\/div>\n<div>&nbsp;<\/div>\n<div><strong>Anna Pocz\u0105tek<\/strong> &#8211; redaktor, t\u0142umacz, dziennikarz. Studentka polonistyki UW. W przesz\u0142o\u015bci sekretarz redakcji tygodnika \u201eEuropa\u201c i magazynu \u201eJazz Press\u201c, administrator strony internetowej Jazz Radia. Fotoamator. Kiedy\u015b skaka\u0142a ze spadochronem, dzi\u015b woli s\u0142ucha\u0107 jazzu.<\/div>\n<p>&nbsp;<\/p>\n<p>Korespondenci:<\/p>\n<p>&nbsp;<\/p>\n<p><strong><img decoding=\"async\" alt=\"\" src=\"http:\/\/jazz.baczynski.pl\/wp-content\/uploads\/2011\/06\/krzysztof-grabowski.jpg\" style=\"margin-left: 3px; margin-right: 3px; margin-top: 3px; margin-bottom: 3px; float: left; width: 150px; height: 150px; \">Krzysztof Grabowski<\/strong> &#8211;&nbsp;W Jazzarium pe\u0142ni rol\u0119 korespondenta fotograficznego, bo muzyk\u0119 wszelk\u0105, a szczeg\u00f3lnie jazz poch\u0142ania wieloma zmys\u0142ami, nie tylko s\u0142uchu. Najbardziej lubi muzyk\u0119 na \u017cywo. Na dobry koncert lub festiwal jest w stanie jecha\u0107 ponad tysi\u0105c kilometr\u00f3w samochodem, lecie\u0107 samolotem lub gna\u0107 na rowerze. Lubi wyprawy rowerowe, g\u00f3ry, snowboard. Prowadzi stron\u0119 <a href=\"http:\/\/fotowyprawy.com\" target=\"_blank\">http:\/\/fotowyprawy.com<\/a>, a swoje portfolio fotograficzne prezentuje na <a href=\"http:\/\/krzysztof-grabowski.com\" target=\"_blank\">http:\/\/krzysztof-grabowski.com<\/a>.<\/p>\n<p>&nbsp;<\/p>\n<p>&nbsp;<\/p>\n<p><strong><img decoding=\"async\" alt=\"\" src=\"http:\/\/jazz.baczynski.pl\/wp-content\/uploads\/2011\/06\/foto01.jpg\" style=\"float: left; width: 150px; height: 150px; \"><\/strong><\/p>\n<p><strong>Piotr Rudnicki<\/strong> &#8211; z wykszta\u0142cenia filmoznawca, z pasji &#8211; redaktor, muzyk-amator, entuzjasta, kt\u00f3ry postawi\u0142 na jazzow\u0105 kart\u0119 i tego pragnie si\u0119 trzyma\u0107.&nbsp; Prowadz\u0105cy autorskie \u201eEkspresje Jazzowe\u201d w studenckim Radiu Mors UG. Wsp\u00f3\u0142pracownik imprez literackich Towarzystwa Przyjaci\u00f3\u0142 Sopotu i dwumiesi\u0119cznika \u201eTopos\u201d. Absolwent Filologii Polskiej na Uniwersytecie Gda\u0144skim.<\/p>\n<p>&nbsp;<\/p>\n<p>Wsp\u00f3\u0142pracuj\u0105 z nami tak\u017ce:<\/p>\n<p>&nbsp;<\/p>\n<p><strong>Bartosz Adamczak<\/strong><\/p>\n<p><strong>Pawe\u0142 Baranowski <\/strong><\/p>\n<p><strong>Andrzej Kalinowski<\/strong><\/p>\n<p><strong>Jan B\u0142aszczak<\/strong><\/p>\n<p><strong>Maciej Nowotny<\/strong> &#8211; bloger prowadz\u0105cy serwis internetowy po\u015bwi\u0119cony polskiemu jazzowi: <a href=\"http:\/\/www.polish-jazz.blogspot.com\" target=\"_blank\">www.polish-jazz.blogspot.com<\/a>&nbsp;a tak\u017ce dziennikarz radiowy i autor audycji Kocham Jazz w radioJAZZ.FM.&nbsp;<\/p>\n<p>&nbsp;<\/p>\n<p>KONTAKT<\/p>\n<p>W ka\u017cdej sprawie, w tym ch\u0119ci wsp\u00f3\u0142pracy polecamy adres mailowy: jazzarium@jazzarium.pl<\/p>\n<p><span style=\"font-size: 13.008px; line-height: 1.538em;\">Polecamy uwadze tak\u017ce nasz profil na facebooku: <\/span><a href=\"https:\/\/www.facebook.com\/pages\/Jazzariumpl\/233259280024474\" style=\"font-size: 13.008px; line-height: 1.538em;\">https:\/\/www.facebook.com\/jazzariumPL<\/a><\/p>\n<p>adres do wysy\u0142ki:<\/p>\n<p>Grottgera 9a\/2, 00-785 Warszawa<\/p>\n<p>Odwiedzajcie nas codziennie!<\/p>\n<p>Redakcja!<\/p>\n<p>&nbsp;<\/p>\n","protected":false},"excerpt":{"rendered":"<p>Witaj na stronie Jazzarium.pl &#8211; pierwszej stronie jazzu! 15 czerwca 2011 roku, w 15-t\u0105 rocznic\u0119 \u015bmierci Elli Fitzgerald i dzie\u0144 premiery p\u0142yty &#8220;Komeda&#8221; Leszka Mo\u017cd\u017cera, oficjalnie uruchamili\u015bmy nasz serwis.&nbsp; Za\u0142o\u017cycielem i w\u0142a\u015bcicielem portalu Jazzarium.pl by\u0142 do grudnia 2014 roku&nbsp;Mariusz Adamiak &#8211; tw\u00f3rca festiwalu Warsaw Summer Jazz Days, Jazz Radia, wieloletni szef s\u0142ynnego klubu Akwarium. Jeden [&hellip;]<\/p>\n","protected":false},"author":1,"featured_media":11,"parent":0,"menu_order":0,"comment_status":"closed","ping_status":"closed","template":"","meta":{"_acf_changed":false,"footnotes":""},"class_list":["post-15","page","type-page","status-publish","has-post-thumbnail","hentry"],"acf":[],"_links":{"self":[{"href":"https:\/\/jazz.baczynski.pl\/index.php?rest_route=\/wp\/v2\/pages\/15","targetHints":{"allow":["GET"]}}],"collection":[{"href":"https:\/\/jazz.baczynski.pl\/index.php?rest_route=\/wp\/v2\/pages"}],"about":[{"href":"https:\/\/jazz.baczynski.pl\/index.php?rest_route=\/wp\/v2\/types\/page"}],"author":[{"embeddable":true,"href":"https:\/\/jazz.baczynski.pl\/index.php?rest_route=\/wp\/v2\/users\/1"}],"replies":[{"embeddable":true,"href":"https:\/\/jazz.baczynski.pl\/index.php?rest_route=%2Fwp%2Fv2%2Fcomments&post=15"}],"version-history":[{"count":0,"href":"https:\/\/jazz.baczynski.pl\/index.php?rest_route=\/wp\/v2\/pages\/15\/revisions"}],"wp:featuredmedia":[{"embeddable":true,"href":"https:\/\/jazz.baczynski.pl\/index.php?rest_route=\/wp\/v2\/media\/11"}],"wp:attachment":[{"href":"https:\/\/jazz.baczynski.pl\/index.php?rest_route=%2Fwp%2Fv2%2Fmedia&parent=15"}],"curies":[{"name":"wp","href":"https:\/\/api.w.org\/{rel}","templated":true}]}}